{"id":1483,"date":"2023-07-07T07:18:33","date_gmt":"2023-07-07T04:18:33","guid":{"rendered":"https:\/\/ran.fi\/pricelist\/alumiini\/"},"modified":"2026-03-04T12:19:35","modified_gmt":"2026-03-04T10:19:35","slug":"aluminum","status":"publish","type":"page","link":"https:\/\/ran.fi\/en\/pricing\/aluminum\/","title":{"rendered":"Aluminum"},"content":{"rendered":"","protected":false},"excerpt":{"rendered":"","protected":false},"author":2,"featured_media":0,"parent":1538,"menu_order":0,"comment_status":"closed","ping_status":"closed","template":"","meta":[],"class_list":["post-1483","page","type-page","status-publish","hentry"],"acf":[],"yoast_head":"<!-- This site is optimized with the Yoast SEO plugin v20.10 - https:\/\/yoast.com\/wordpress\/plugins\/seo\/ -->\n<title>Metallin kierr\u00e4tys | Alumiini | Hinta | RAN Recycling Oy<\/title>\n<meta name=\"description\" content=\"Alumiinin kierr\u00e4tys ja p\u00e4iv\u00e4n hinta. Katso tarkemmat tiedot sivuiltamme! Alumiini on rahanarvoista tavaraa ja sen kierr\u00e4tt\u00e4minen kannattaa.\" \/>\n<meta name=\"robots\" content=\"index, follow, max-snippet:-1, max-image-preview:large, max-video-preview:-1\" \/>\n<link rel=\"canonical\" href=\"https:\/\/ran.fi\/en\/pricing\/aluminum\/\" \/>\n<meta property=\"og:locale\" content=\"en_US\" \/>\n<meta property=\"og:type\" content=\"article\" \/>\n<meta property=\"og:title\" content=\"Metallin kierr\u00e4tys | Alumiini | Hinta | RAN Recycling Oy\" \/>\n<meta property=\"og:description\" content=\"Alumiinin kierr\u00e4tys ja p\u00e4iv\u00e4n hinta. Katso tarkemmat tiedot sivuiltamme! Alumiini on rahanarvoista tavaraa ja sen kierr\u00e4tt\u00e4minen kannattaa.\" \/>\n<meta property=\"og:url\" content=\"https:\/\/ran.fi\/en\/pricing\/aluminum\/\" \/>\n<meta property=\"og:site_name\" content=\"RAN Recycling Oy\" \/>\n<meta property=\"article:publisher\" content=\"https:\/\/www.facebook.com\/ranromuliike\" \/>\n<meta property=\"article:modified_time\" content=\"2026-03-04T10:19:35+00:00\" \/>\n<meta name=\"twitter:card\" content=\"summary_large_image\" \/>\n<script type=\"application\/ld+json\" class=\"yoast-schema-graph\">{\"@context\":\"https:\/\/schema.org\",\"@graph\":[{\"@type\":\"WebPage\",\"@id\":\"https:\/\/ran.fi\/en\/pricing\/aluminum\/\",\"url\":\"https:\/\/ran.fi\/en\/pricing\/aluminum\/\",\"name\":\"Metallin kierr\u00e4tys | Alumiini | Hinta | RAN Recycling Oy\",\"isPartOf\":{\"@id\":\"https:\/\/ran.fi\/#website\"},\"datePublished\":\"2023-07-07T04:18:33+00:00\",\"dateModified\":\"2026-03-04T10:19:35+00:00\",\"description\":\"Alumiinin kierr\u00e4tys ja p\u00e4iv\u00e4n hinta. Katso tarkemmat tiedot sivuiltamme! Alumiini on rahanarvoista tavaraa ja sen kierr\u00e4tt\u00e4minen kannattaa.\",\"breadcrumb\":{\"@id\":\"https:\/\/ran.fi\/en\/pricing\/aluminum\/#breadcrumb\"},\"inLanguage\":\"en-US\",\"potentialAction\":[{\"@type\":\"ReadAction\",\"target\":[\"https:\/\/ran.fi\/en\/pricing\/aluminum\/\"]}]},{\"@type\":\"BreadcrumbList\",\"@id\":\"https:\/\/ran.fi\/en\/pricing\/aluminum\/#breadcrumb\",\"itemListElement\":[{\"@type\":\"ListItem\",\"position\":1,\"name\":\"Home\",\"item\":\"https:\/\/ran.fi\/en\/\"},{\"@type\":\"ListItem\",\"position\":2,\"name\":\"Pricing\",\"item\":\"https:\/\/ran.fi\/en\/pricing\/\"},{\"@type\":\"ListItem\",\"position\":3,\"name\":\"Aluminum\"}]},{\"@type\":\"WebSite\",\"@id\":\"https:\/\/ran.fi\/#website\",\"url\":\"https:\/\/ran.fi\/\",\"name\":\"RAN Recycling Oy\",\"description\":\"Laitetaan kierr\u00e4tysasiat kuntoon\",\"publisher\":{\"@id\":\"https:\/\/ran.fi\/#organization\"},\"potentialAction\":[{\"@type\":\"SearchAction\",\"target\":{\"@type\":\"EntryPoint\",\"urlTemplate\":\"https:\/\/ran.fi\/?s={search_term_string}\"},\"query-input\":\"required name=search_term_string\"}],\"inLanguage\":\"en-US\"},{\"@type\":\"Organization\",\"@id\":\"https:\/\/ran.fi\/#organization\",\"name\":\"RAN Recycling Oy\",\"url\":\"https:\/\/ran.fi\/\",\"logo\":{\"@type\":\"ImageObject\",\"inLanguage\":\"en-US\",\"@id\":\"https:\/\/ran.fi\/#\/schema\/logo\/image\/\",\"url\":\"https:\/\/ran.fi\/wp-content\/uploads\/2023\/12\/RAN-Recycling-Oy_logo.png\",\"contentUrl\":\"https:\/\/ran.fi\/wp-content\/uploads\/2023\/12\/RAN-Recycling-Oy_logo.png\",\"width\":164,\"height\":100,\"caption\":\"RAN Recycling Oy\"},\"image\":{\"@id\":\"https:\/\/ran.fi\/#\/schema\/logo\/image\/\"},\"sameAs\":[\"https:\/\/www.facebook.com\/ranromuliike\"]}]}<\/script>\n<!-- \/ Yoast SEO plugin. -->","yoast_head_json":{"title":"Metallin kierr\u00e4tys | Alumiini | Hinta | RAN Recycling Oy","description":"Alumiinin kierr\u00e4tys ja p\u00e4iv\u00e4n hinta. Katso tarkemmat tiedot sivuiltamme! Alumiini on rahanarvoista tavaraa ja sen kierr\u00e4tt\u00e4minen kannattaa.","robots":{"index":"index","follow":"follow","max-snippet":"max-snippet:-1","max-image-preview":"max-image-preview:large","max-video-preview":"max-video-preview:-1"},"canonical":"https:\/\/ran.fi\/en\/pricing\/aluminum\/","og_locale":"en_US","og_type":"article","og_title":"Metallin kierr\u00e4tys | Alumiini | Hinta | RAN Recycling Oy","og_description":"Alumiinin kierr\u00e4tys ja p\u00e4iv\u00e4n hinta. Katso tarkemmat tiedot sivuiltamme! Alumiini on rahanarvoista tavaraa ja sen kierr\u00e4tt\u00e4minen kannattaa.","og_url":"https:\/\/ran.fi\/en\/pricing\/aluminum\/","og_site_name":"RAN Recycling Oy","article_publisher":"https:\/\/www.facebook.com\/ranromuliike","article_modified_time":"2026-03-04T10:19:35+00:00","twitter_card":"summary_large_image","schema":{"@context":"https:\/\/schema.org","@graph":[{"@type":"WebPage","@id":"https:\/\/ran.fi\/en\/pricing\/aluminum\/","url":"https:\/\/ran.fi\/en\/pricing\/aluminum\/","name":"Metallin kierr\u00e4tys | Alumiini | Hinta | RAN Recycling Oy","isPartOf":{"@id":"https:\/\/ran.fi\/#website"},"datePublished":"2023-07-07T04:18:33+00:00","dateModified":"2026-03-04T10:19:35+00:00","description":"Alumiinin kierr\u00e4tys ja p\u00e4iv\u00e4n hinta. Katso tarkemmat tiedot sivuiltamme! Alumiini on rahanarvoista tavaraa ja sen kierr\u00e4tt\u00e4minen kannattaa.","breadcrumb":{"@id":"https:\/\/ran.fi\/en\/pricing\/aluminum\/#breadcrumb"},"inLanguage":"en-US","potentialAction":[{"@type":"ReadAction","target":["https:\/\/ran.fi\/en\/pricing\/aluminum\/"]}]},{"@type":"BreadcrumbList","@id":"https:\/\/ran.fi\/en\/pricing\/aluminum\/#breadcrumb","itemListElement":[{"@type":"ListItem","position":1,"name":"Home","item":"https:\/\/ran.fi\/en\/"},{"@type":"ListItem","position":2,"name":"Pricing","item":"https:\/\/ran.fi\/en\/pricing\/"},{"@type":"ListItem","position":3,"name":"Aluminum"}]},{"@type":"WebSite","@id":"https:\/\/ran.fi\/#website","url":"https:\/\/ran.fi\/","name":"RAN Recycling Oy","description":"Laitetaan kierr\u00e4tysasiat kuntoon","publisher":{"@id":"https:\/\/ran.fi\/#organization"},"potentialAction":[{"@type":"SearchAction","target":{"@type":"EntryPoint","urlTemplate":"https:\/\/ran.fi\/?s={search_term_string}"},"query-input":"required name=search_term_string"}],"inLanguage":"en-US"},{"@type":"Organization","@id":"https:\/\/ran.fi\/#organization","name":"RAN Recycling Oy","url":"https:\/\/ran.fi\/","logo":{"@type":"ImageObject","inLanguage":"en-US","@id":"https:\/\/ran.fi\/#\/schema\/logo\/image\/","url":"https:\/\/ran.fi\/wp-content\/uploads\/2023\/12\/RAN-Recycling-Oy_logo.png","contentUrl":"https:\/\/ran.fi\/wp-content\/uploads\/2023\/12\/RAN-Recycling-Oy_logo.png","width":164,"height":100,"caption":"RAN Recycling Oy"},"image":{"@id":"https:\/\/ran.fi\/#\/schema\/logo\/image\/"},"sameAs":["https:\/\/www.facebook.com\/ranromuliike"]}]}},"_links":{"self":[{"href":"https:\/\/ran.fi\/en\/wp-json\/wp\/v2\/pages\/1483","targetHints":{"allow":["GET"]}}],"collection":[{"href":"https:\/\/ran.fi\/en\/wp-json\/wp\/v2\/pages"}],"about":[{"href":"https:\/\/ran.fi\/en\/wp-json\/wp\/v2\/types\/page"}],"author":[{"embeddable":true,"href":"https:\/\/ran.fi\/en\/wp-json\/wp\/v2\/users\/2"}],"replies":[{"embeddable":true,"href":"https:\/\/ran.fi\/en\/wp-json\/wp\/v2\/comments?post=1483"}],"version-history":[{"count":6,"href":"https:\/\/ran.fi\/en\/wp-json\/wp\/v2\/pages\/1483\/revisions"}],"predecessor-version":[{"id":1994,"href":"https:\/\/ran.fi\/en\/wp-json\/wp\/v2\/pages\/1483\/revisions\/1994"}],"up":[{"embeddable":true,"href":"https:\/\/ran.fi\/en\/wp-json\/wp\/v2\/pages\/1538"}],"wp:attachment":[{"href":"https:\/\/ran.fi\/en\/wp-json\/wp\/v2\/media?parent=1483"}],"curies":[{"name":"wp","href":"https:\/\/api.w.org\/{rel}","templated":true}]}}